{"id":10031,"date":"2024-11-18T19:59:32","date_gmt":"2024-11-18T16:59:32","guid":{"rendered":"https:\/\/mygame.is\/product\/paveikslas-no-rizz-just-an-enchanting-siren-song\/"},"modified":"2025-06-04T10:11:04","modified_gmt":"2025-06-04T07:11:04","slug":"paveikslas-no-rizz-just-an-enchanting-siren-song","status":"publish","type":"product","link":"https:\/\/mygame.is\/en\/product\/paveikslas-no-rizz-just-an-enchanting-siren-song\/","title":{"rendered":"Painting ,,no rizz just an enchanting siren song&#8221; AURELIJA BULAUKAIT\u0116"},"content":{"rendered":"<p>Aurelija Bulaukait\u0117 |<\/p>\n<p>MYGAME is pleased to present Aurelija\u2019s paintings to both our physical and virtual visitors. This is the first collaboration of our beauty space with creators from the art field. Through current and future partnerships, we aim to integrate art into everyday environments, transforming the typical experiences in beauty spaces into something fresh and unfamiliar, while introducing emerging and rising names in the art world.<\/p>\n<p>The artist works and creates in both Lithuania and the United States. Aurelija holds a bachelor\u2019s and a master\u2019s degree from the Vilnius Academy of Arts. Her work intertwines idealistic aspirations with a critical analysis of reality, highlighting stark contrasts between everyday life, banality, and phantasmagoric potential. In her art, she explores themes of transience and eternity, spiritual and superficial experiences, and their connections to social networks.<\/p>\n<p>We have always dreamed of creating a world where art blends into everyday life, becoming a continuous enriching presence. Let this be a small step towards realizing that dream.<\/p>\n<p>The painting <i>\u201cno rizz just an enchanting siren song\u201d<\/i> has arrived straight from the <i>Phenomenon<\/i> exhibition in Seoul.<\/p>\n<p>Oil on linen canvas, 2024, 80 x 126 cm<\/p>\n<p>You can experience these works in person at Vis\u0173 \u0160vent\u0173j\u0173 St. 5-6, Vilnius, at MYGAME beauty space.<\/p>\n","protected":false},"excerpt":{"rendered":"<p><span class=\"excerpt-hellip\"> [\u2026]<\/span><\/p>\n","protected":false},"featured_media":10042,"comment_status":"closed","ping_status":"closed","template":"","meta":[],"product_cat":[500,256],"product_tag":[],"class_list":{"0":"post-10031","1":"product","2":"type-product","3":"status-publish","4":"has-post-thumbnail","6":"product_cat-interior-details","7":"product_cat-home","9":"first","10":"instock","11":"taxable","12":"shipping-taxable","13":"purchasable","14":"product-type-simple"},"yoast_head":"<!-- This site is optimized with the Yoast SEO plugin v26.3 - https:\/\/yoast.com\/wordpress\/plugins\/seo\/ -->\n<title>Painting ,,no rizz just an enchanting siren song&quot; AURELIJA BULAUKAIT\u0116 - MY GAME<\/title>\n<meta name=\"robots\" content=\"index, follow, max-snippet:-1, max-image-preview:large, max-video-preview:-1\" \/>\n<link rel=\"canonical\" href=\"https:\/\/mygame.is\/en\/product\/paveikslas-no-rizz-just-an-enchanting-siren-song\/\" \/>\n<meta property=\"og:locale\" content=\"en_US\" \/>\n<meta property=\"og:type\" content=\"article\" \/>\n<meta property=\"og:title\" content=\"Painting ,,no rizz just an enchanting siren song&quot; AURELIJA BULAUKAIT\u0116 - MY GAME\" \/>\n<meta property=\"og:description\" content=\"[\u2026]\" \/>\n<meta property=\"og:url\" content=\"https:\/\/mygame.is\/en\/product\/paveikslas-no-rizz-just-an-enchanting-siren-song\/\" \/>\n<meta property=\"og:site_name\" content=\"MY GAME\" \/>\n<meta property=\"article:modified_time\" content=\"2025-06-04T07:11:04+00:00\" \/>\n<meta property=\"og:image\" content=\"https:\/\/mygame.is\/wp-content\/uploads\/2024\/11\/rizz_better-scaled.jpg\" \/>\n\t<meta property=\"og:image:width\" content=\"1707\" \/>\n\t<meta property=\"og:image:height\" content=\"2560\" \/>\n\t<meta property=\"og:image:type\" content=\"image\/jpeg\" \/>\n<meta name=\"twitter:card\" content=\"summary_large_image\" \/>\n<meta name=\"twitter:label1\" content=\"Est. reading time\" \/>\n\t<meta name=\"twitter:data1\" content=\"2 minutes\" \/>\n<script type=\"application\/ld+json\" class=\"yoast-schema-graph\">{\"@context\":\"https:\/\/schema.org\",\"@graph\":[{\"@type\":\"WebPage\",\"@id\":\"https:\/\/mygame.is\/en\/product\/paveikslas-no-rizz-just-an-enchanting-siren-song\/\",\"url\":\"https:\/\/mygame.is\/en\/product\/paveikslas-no-rizz-just-an-enchanting-siren-song\/\",\"name\":\"Painting ,,no rizz just an enchanting siren song\\\" AURELIJA BULAUKAIT\u0116 - MY GAME\",\"isPartOf\":{\"@id\":\"https:\/\/mygame.is\/en\/#website\"},\"primaryImageOfPage\":{\"@id\":\"https:\/\/mygame.is\/en\/product\/paveikslas-no-rizz-just-an-enchanting-siren-song\/#primaryimage\"},\"image\":{\"@id\":\"https:\/\/mygame.is\/en\/product\/paveikslas-no-rizz-just-an-enchanting-siren-song\/#primaryimage\"},\"thumbnailUrl\":\"https:\/\/mygame.is\/wp-content\/uploads\/2024\/11\/rizz_better-scaled.jpg\",\"datePublished\":\"2024-11-18T16:59:32+00:00\",\"dateModified\":\"2025-06-04T07:11:04+00:00\",\"breadcrumb\":{\"@id\":\"https:\/\/mygame.is\/en\/product\/paveikslas-no-rizz-just-an-enchanting-siren-song\/#breadcrumb\"},\"inLanguage\":\"en-US\",\"potentialAction\":[{\"@type\":\"ReadAction\",\"target\":[\"https:\/\/mygame.is\/en\/product\/paveikslas-no-rizz-just-an-enchanting-siren-song\/\"]}]},{\"@type\":\"ImageObject\",\"inLanguage\":\"en-US\",\"@id\":\"https:\/\/mygame.is\/en\/product\/paveikslas-no-rizz-just-an-enchanting-siren-song\/#primaryimage\",\"url\":\"https:\/\/mygame.is\/wp-content\/uploads\/2024\/11\/rizz_better-scaled.jpg\",\"contentUrl\":\"https:\/\/mygame.is\/wp-content\/uploads\/2024\/11\/rizz_better-scaled.jpg\",\"width\":1707,\"height\":2560,\"caption\":\"Painting ,,no rizz just an enchanting siren song&#8221; AURELIJA BULAUKAIT\u0116\"},{\"@type\":\"BreadcrumbList\",\"@id\":\"https:\/\/mygame.is\/en\/product\/paveikslas-no-rizz-just-an-enchanting-siren-song\/#breadcrumb\",\"itemListElement\":[{\"@type\":\"ListItem\",\"position\":1,\"name\":\"Home\",\"item\":\"https:\/\/mygame.is\/en\/\"},{\"@type\":\"ListItem\",\"position\":2,\"name\":\"Shop\",\"item\":\"https:\/\/mygame.is\/en\/\"},{\"@type\":\"ListItem\",\"position\":3,\"name\":\"Painting ,,no rizz just an enchanting siren song&#8221; AURELIJA BULAUKAIT\u0116\"}]},{\"@type\":\"WebSite\",\"@id\":\"https:\/\/mygame.is\/en\/#website\",\"url\":\"https:\/\/mygame.is\/en\/\",\"name\":\"MY GAME\",\"description\":\"\",\"potentialAction\":[{\"@type\":\"SearchAction\",\"target\":{\"@type\":\"EntryPoint\",\"urlTemplate\":\"https:\/\/mygame.is\/en\/?s={search_term_string}\"},\"query-input\":{\"@type\":\"PropertyValueSpecification\",\"valueRequired\":true,\"valueName\":\"search_term_string\"}}],\"inLanguage\":\"en-US\"}]}<\/script>\n<!-- \/ Yoast SEO plugin. -->","yoast_head_json":{"title":"Painting ,,no rizz just an enchanting siren song\" AURELIJA BULAUKAIT\u0116 - MY GAME","robots":{"index":"index","follow":"follow","max-snippet":"max-snippet:-1","max-image-preview":"max-image-preview:large","max-video-preview":"max-video-preview:-1"},"canonical":"https:\/\/mygame.is\/en\/product\/paveikslas-no-rizz-just-an-enchanting-siren-song\/","og_locale":"en_US","og_type":"article","og_title":"Painting ,,no rizz just an enchanting siren song\" AURELIJA BULAUKAIT\u0116 - MY GAME","og_description":"[\u2026]","og_url":"https:\/\/mygame.is\/en\/product\/paveikslas-no-rizz-just-an-enchanting-siren-song\/","og_site_name":"MY GAME","article_modified_time":"2025-06-04T07:11:04+00:00","og_image":[{"width":1707,"height":2560,"url":"https:\/\/mygame.is\/wp-content\/uploads\/2024\/11\/rizz_better-scaled.jpg","type":"image\/jpeg"}],"twitter_card":"summary_large_image","twitter_misc":{"Est. reading time":"2 minutes"},"schema":{"@context":"https:\/\/schema.org","@graph":[{"@type":"WebPage","@id":"https:\/\/mygame.is\/en\/product\/paveikslas-no-rizz-just-an-enchanting-siren-song\/","url":"https:\/\/mygame.is\/en\/product\/paveikslas-no-rizz-just-an-enchanting-siren-song\/","name":"Painting ,,no rizz just an enchanting siren song\" AURELIJA BULAUKAIT\u0116 - MY GAME","isPartOf":{"@id":"https:\/\/mygame.is\/en\/#website"},"primaryImageOfPage":{"@id":"https:\/\/mygame.is\/en\/product\/paveikslas-no-rizz-just-an-enchanting-siren-song\/#primaryimage"},"image":{"@id":"https:\/\/mygame.is\/en\/product\/paveikslas-no-rizz-just-an-enchanting-siren-song\/#primaryimage"},"thumbnailUrl":"https:\/\/mygame.is\/wp-content\/uploads\/2024\/11\/rizz_better-scaled.jpg","datePublished":"2024-11-18T16:59:32+00:00","dateModified":"2025-06-04T07:11:04+00:00","breadcrumb":{"@id":"https:\/\/mygame.is\/en\/product\/paveikslas-no-rizz-just-an-enchanting-siren-song\/#breadcrumb"},"inLanguage":"en-US","potentialAction":[{"@type":"ReadAction","target":["https:\/\/mygame.is\/en\/product\/paveikslas-no-rizz-just-an-enchanting-siren-song\/"]}]},{"@type":"ImageObject","inLanguage":"en-US","@id":"https:\/\/mygame.is\/en\/product\/paveikslas-no-rizz-just-an-enchanting-siren-song\/#primaryimage","url":"https:\/\/mygame.is\/wp-content\/uploads\/2024\/11\/rizz_better-scaled.jpg","contentUrl":"https:\/\/mygame.is\/wp-content\/uploads\/2024\/11\/rizz_better-scaled.jpg","width":1707,"height":2560,"caption":"Painting ,,no rizz just an enchanting siren song&#8221; AURELIJA BULAUKAIT\u0116"},{"@type":"BreadcrumbList","@id":"https:\/\/mygame.is\/en\/product\/paveikslas-no-rizz-just-an-enchanting-siren-song\/#breadcrumb","itemListElement":[{"@type":"ListItem","position":1,"name":"Home","item":"https:\/\/mygame.is\/en\/"},{"@type":"ListItem","position":2,"name":"Shop","item":"https:\/\/mygame.is\/en\/"},{"@type":"ListItem","position":3,"name":"Painting ,,no rizz just an enchanting siren song&#8221; AURELIJA BULAUKAIT\u0116"}]},{"@type":"WebSite","@id":"https:\/\/mygame.is\/en\/#website","url":"https:\/\/mygame.is\/en\/","name":"MY GAME","description":"","potentialAction":[{"@type":"SearchAction","target":{"@type":"EntryPoint","urlTemplate":"https:\/\/mygame.is\/en\/?s={search_term_string}"},"query-input":{"@type":"PropertyValueSpecification","valueRequired":true,"valueName":"search_term_string"}}],"inLanguage":"en-US"}]}},"_links":{"self":[{"href":"https:\/\/mygame.is\/en\/wp-json\/wp\/v2\/product\/10031","targetHints":{"allow":["GET"]}}],"collection":[{"href":"https:\/\/mygame.is\/en\/wp-json\/wp\/v2\/product"}],"about":[{"href":"https:\/\/mygame.is\/en\/wp-json\/wp\/v2\/types\/product"}],"replies":[{"embeddable":true,"href":"https:\/\/mygame.is\/en\/wp-json\/wp\/v2\/comments?post=10031"}],"wp:featuredmedia":[{"embeddable":true,"href":"https:\/\/mygame.is\/en\/wp-json\/wp\/v2\/media\/10042"}],"wp:attachment":[{"href":"https:\/\/mygame.is\/en\/wp-json\/wp\/v2\/media?parent=10031"}],"wp:term":[{"taxonomy":"product_cat","embeddable":true,"href":"https:\/\/mygame.is\/en\/wp-json\/wp\/v2\/product_cat?post=10031"},{"taxonomy":"product_tag","embeddable":true,"href":"https:\/\/mygame.is\/en\/wp-json\/wp\/v2\/product_tag?post=10031"}],"curies":[{"name":"wp","href":"https:\/\/api.w.org\/{rel}","templated":true}]}}